{"id":1947,"date":"2025-08-08T10:41:50","date_gmt":"2025-08-08T08:41:50","guid":{"rendered":"https:\/\/www.cableadosjm.com\/contact\/"},"modified":"2026-04-13T12:51:43","modified_gmt":"2026-04-13T10:51:43","slug":"contact","status":"publish","type":"page","link":"https:\/\/www.jmcableados.com\/fr\/contact\/","title":{"rendered":"Contact"},"content":{"rendered":"\t\t<div data-elementor-type=\"wp-page\" data-elementor-id=\"1947\" class=\"elementor elementor-1947 elementor-19\" data-elementor-post-type=\"page\">\n\t\t\t\t<div class=\"elementor-element elementor-element-1954ac4 e-flex e-con-boxed e-con e-parent\" data-id=\"1954ac4\" data-element_type=\"container\" data-e-type=\"container\">\n\t\t\t\t\t<div class=\"e-con-inner\">\n\t\t<div class=\"elementor-element elementor-element-94c0b08 e-con-full e-flex e-con e-child\" data-id=\"94c0b08\" data-element_type=\"container\" data-e-type=\"container\">\n\t\t<div class=\"elementor-element elementor-element-b103d03 e-con-full e-flex e-con e-child\" data-id=\"b103d03\" data-element_type=\"container\" data-e-type=\"container\">\n\t\t<div class=\"elementor-element elementor-element-fc7b19c e-con-full e-flex e-con e-child\" data-id=\"fc7b19c\" data-element_type=\"container\" data-e-type=\"container\">\n\t\t<div class=\"elementor-element elementor-element-0ffba20 e-con-full e-flex e-con e-child\" data-id=\"0ffba20\" data-element_type=\"container\" data-e-type=\"container\">\n\t\t\t\t<div class=\"elementor-element elementor-element-216413e elementor-widget elementor-widget-heading\" data-id=\"216413e\" data-element_type=\"widget\" data-e-type=\"widget\" data-widget_type=\"heading.default\">\n\t\t\t\t\t<p class=\"elementor-heading-title elementor-size-default\">Contact<\/p>\t\t\t\t<\/div>\n\t\t\t\t<div class=\"elementor-element elementor-element-653446d elementor-widget elementor-widget-heading\" data-id=\"653446d\" data-element_type=\"widget\" data-e-type=\"widget\" data-widget_type=\"heading.default\">\n\t\t\t\t\t<h1 class=\"elementor-heading-title elementor-size-default\">Comment pouvons-nous vous aider ?<\/h1>\t\t\t\t<\/div>\n\t\t\t\t<div class=\"elementor-element elementor-element-c371cf0 elementor-widget elementor-widget-text-editor\" data-id=\"c371cf0\" data-element_type=\"widget\" data-e-type=\"widget\" data-widget_type=\"text-editor.default\">\n\t\t\t\t\t\t\t\t\t<p>JM Cableados fabrique des c\u00e2bles et faisceaux sur mesure depuis 1987 : coupe pr\u00e9cise, sertissage avec plus de 200 types de terminaux, soudure et assemblage selon vos plans. Nous travaillons avec des secteurs vari\u00e9s \u2014 \u00e9lectrom\u00e9decine, industrie, loisir et divertissement \u2014 et nous nous adaptons aux exigences techniques de chaque projet. <\/p><p>Avec plus de 35 ans d\u2019exp\u00e9rience, nous savons que chaque projet est unique. Pas d\u2019interm\u00e9diaire, pas de bureaucratie \u2014 vous parlez directement avec notre \u00e9quipe technique et obtenez une r\u00e9ponse concr\u00e8te en moins de 24 heures.<\/p>\t\t\t\t\t\t\t\t<\/div>\n\t\t\t\t<\/div>\n\t\t\t\t<\/div>\n\t\t\t\t<\/div>\n\t\t\t\t<\/div>\n\t\t<div class=\"elementor-element elementor-element-f0f4870 e-con-full e-flex e-con e-child\" data-id=\"f0f4870\" data-element_type=\"container\" data-e-type=\"container\">\n\t\t<div class=\"elementor-element elementor-element-cd91b0e e-con-full e-flex e-con e-child\" data-id=\"cd91b0e\" data-element_type=\"container\" data-e-type=\"container\">\n\t\t<div class=\"elementor-element elementor-element-8345b7d e-con-full e-flex e-con e-child\" data-id=\"8345b7d\" data-element_type=\"container\" data-e-type=\"container\">\n\t\t<div class=\"elementor-element elementor-element-7f86cb1 e-con-full e-flex e-con e-child\" data-id=\"7f86cb1\" data-element_type=\"container\" data-e-type=\"container\">\n\t\t<div class=\"elementor-element elementor-element-9cf5a2b e-con-full e-flex e-con e-child\" data-id=\"9cf5a2b\" data-element_type=\"container\" data-e-type=\"container\">\n\t\t<div class=\"elementor-element elementor-element-f2c75da e-con-full e-flex e-con e-child\" data-id=\"f2c75da\" data-element_type=\"container\" data-e-type=\"container\">\n\t\t\t\t<div class=\"elementor-element elementor-element-1294245 elementor-widget elementor-widget-heading\" data-id=\"1294245\" data-element_type=\"widget\" data-e-type=\"widget\" data-widget_type=\"heading.default\">\n\t\t\t\t\t<p class=\"elementor-heading-title elementor-size-default\">CONTACT<\/p>\t\t\t\t<\/div>\n\t\t\t\t<div class=\"elementor-element elementor-element-fa92b39 elementor-widget elementor-widget-text-editor\" data-id=\"fa92b39\" data-element_type=\"widget\" data-e-type=\"widget\" data-widget_type=\"text-editor.default\">\n\t\t\t\t\t\t\t\t\t<p><a href=\"contact@cableadosjm.com\">contact@cableadosjm.com<\/a><\/p><p>Carrer del Noi del Sucre, 22,<br>08840 Viladecans, Barcelone<\/p><p>VAT: ESB60068996<\/p>\t\t\t\t\t\t\t\t<\/div>\n\t\t\t\t<div class=\"elementor-element elementor-element-26caeb7 elementor-widget elementor-widget-heading\" data-id=\"26caeb7\" data-element_type=\"widget\" data-e-type=\"widget\" data-widget_type=\"heading.default\">\n\t\t\t\t\t<p class=\"elementor-heading-title elementor-size-default\">T\u00e9l\u00e9phone<\/p>\t\t\t\t<\/div>\n\t\t\t\t<div class=\"elementor-element elementor-element-49cd626 elementor-widget elementor-widget-text-editor\" data-id=\"49cd626\" data-element_type=\"widget\" data-e-type=\"widget\" data-widget_type=\"text-editor.default\">\n\t\t\t\t\t\t\t\t\t<p>+34 93 637 30 16<\/p>\t\t\t\t\t\t\t\t<\/div>\n\t\t\t\t<\/div>\n\t\t\t\t<\/div>\n\t\t\t\t<\/div>\n\t\t\t\t<\/div>\n\t\t\t\t<\/div>\n\t\t<div class=\"elementor-element elementor-element-5320085 e-con-full e-flex e-con e-child\" data-id=\"5320085\" data-element_type=\"container\" data-e-type=\"container\">\n\t\t<div class=\"elementor-element elementor-element-d8bcd99 e-con-full e-flex e-con e-child\" data-id=\"d8bcd99\" data-element_type=\"container\" data-e-type=\"container\">\n\t\t\t\t<div class=\"elementor-element elementor-element-0e35159 img-box elementor-widget elementor-widget-image\" data-id=\"0e35159\" data-element_type=\"widget\" data-e-type=\"widget\" data-widget_type=\"image.default\">\n\t\t\t\t\t\t\t\t\t\t\t\t\t\t\t<img fetchpriority=\"high\" decoding=\"async\" width=\"2560\" height=\"1624\" src=\"https:\/\/www.jmcableados.com\/wp-content\/uploads\/2025\/11\/en-que-podemos-ayudarte-scaled.webp\" class=\"attachment-full size-full wp-image-1946\" alt=\"EQUIPO JM\" srcset=\"https:\/\/www.jmcableados.com\/wp-content\/uploads\/2025\/11\/en-que-podemos-ayudarte-scaled.webp 2560w, https:\/\/www.jmcableados.com\/wp-content\/uploads\/2025\/11\/en-que-podemos-ayudarte-300x190.webp 300w, https:\/\/www.jmcableados.com\/wp-content\/uploads\/2025\/11\/en-que-podemos-ayudarte-1024x650.webp 1024w, https:\/\/www.jmcableados.com\/wp-content\/uploads\/2025\/11\/en-que-podemos-ayudarte-768x487.webp 768w, https:\/\/www.jmcableados.com\/wp-content\/uploads\/2025\/11\/en-que-podemos-ayudarte-1536x974.webp 1536w, https:\/\/www.jmcableados.com\/wp-content\/uploads\/2025\/11\/en-que-podemos-ayudarte-2048x1299.webp 2048w\" sizes=\"(max-width: 2560px) 100vw, 2560px\" \/>\t\t\t\t\t\t\t\t\t\t\t\t\t\t\t<\/div>\n\t\t\t\t<\/div>\n\t\t\t\t<\/div>\n\t\t\t\t<\/div>\n\t\t\t\t\t<\/div>\n\t\t\t\t<\/div>\n\t\t<div class=\"elementor-element elementor-element-749d473 e-flex e-con-boxed e-con e-parent\" data-id=\"749d473\" data-element_type=\"container\" data-e-type=\"container\" id=\"contact\" data-settings=\"{&quot;background_background&quot;:&quot;classic&quot;}\">\n\t\t\t\t\t<div class=\"e-con-inner\">\n\t\t<div class=\"elementor-element elementor-element-03209f6 e-con-full e-flex e-con e-child\" data-id=\"03209f6\" data-element_type=\"container\" data-e-type=\"container\">\n\t\t<div class=\"elementor-element elementor-element-ad2173b e-con-full e-flex e-con e-child\" data-id=\"ad2173b\" data-element_type=\"container\" data-e-type=\"container\">\n\t\t<div class=\"elementor-element elementor-element-36ceea0 e-con-full e-flex e-con e-child\" data-id=\"36ceea0\" data-element_type=\"container\" data-e-type=\"container\">\n\t\t<div class=\"elementor-element elementor-element-339f23d e-con-full e-flex e-con e-child\" data-id=\"339f23d\" data-element_type=\"container\" data-e-type=\"container\">\n\t\t\t\t<div class=\"elementor-element elementor-element-c99ca75 elementor-widget elementor-widget-google_maps\" data-id=\"c99ca75\" data-element_type=\"widget\" data-e-type=\"widget\" data-widget_type=\"google_maps.default\">\n\t\t\t\t\t\t\t<div class=\"elementor-custom-embed\">\n\t\t\t<iframe\n\t\t\t\t\tdata-src=\"https:\/\/maps.google.com\/maps?q=JM%20Cableados&#038;t=m&#038;z=10&#038;output=embed&#038;iwloc=near\"\n\t\t\t\t\ttitle=\"JM Cableados\"\n\t\t\t\t\taria-label=\"JM Cableados\"\n\t\t\t src=\"data:image\/svg+xml;base64,PHN2ZyB3aWR0aD0iMSIgaGVpZ2h0PSIxIiB4bWxucz0iaHR0cDovL3d3dy53My5vcmcvMjAwMC9zdmciPjwvc3ZnPg==\" class=\"lazyload\" data-load-mode=\"1\"><\/iframe>\n\t\t<\/div>\n\t\t\t\t\t\t<\/div>\n\t\t\t\t<\/div>\n\t\t\t\t<\/div>\n\t\t\t\t<\/div>\n\t\t<div class=\"elementor-element elementor-element-0a70082 e-con-full e-flex e-con e-child\" data-id=\"0a70082\" data-element_type=\"container\" data-e-type=\"container\">\n\t\t\t\t<div class=\"elementor-element elementor-element-13f5633 elementor-button-align-start elementor-widget elementor-widget-form\" data-id=\"13f5633\" data-element_type=\"widget\" data-e-type=\"widget\" data-settings=\"{&quot;step_next_label&quot;:&quot;Suivant&quot;,&quot;step_previous_label&quot;:&quot;Ancien&quot;,&quot;button_width&quot;:&quot;100&quot;,&quot;step_type&quot;:&quot;number_text&quot;,&quot;step_icon_shape&quot;:&quot;circle&quot;}\" data-widget_type=\"form.default\">\n\t\t\t\t\t\t\t<form class=\"elementor-form\" method=\"post\" name=\"New Form\" aria-label=\"New Form\">\n\t\t\t<input type=\"hidden\" name=\"post_id\" value=\"1947\"\/>\n\t\t\t<input type=\"hidden\" name=\"form_id\" value=\"13f5633\"\/>\n\t\t\t<input type=\"hidden\" name=\"referer_title\" value=\"Devis C\u00e2blage sur Mesure en 24h | Contact \u2013 JM Cableados\" \/>\n\n\t\t\t\t\t\t\t<input type=\"hidden\" name=\"queried_id\" value=\"1947\"\/>\n\t\t\t\n\t\t\t<div class=\"elementor-form-fields-wrapper elementor-labels-above\">\n\t\t\t\t\t\t\t\t<div class=\"elementor-field-type-text elementor-field-group elementor-column elementor-field-group-name elementor-col-100\">\n\t\t\t\t\t\t\t\t\t\t\t\t<label for=\"form-field-name\" class=\"elementor-field-label\">\n\t\t\t\t\t\t\t\tNom\t\t\t\t\t\t\t<\/label>\n\t\t\t\t\t\t\t\t\t\t\t\t\t\t<input size=\"1\" type=\"text\" name=\"form_fields[name]\" id=\"form-field-name\" class=\"elementor-field elementor-size-sm  elementor-field-textual\" placeholder=\"Votre nom\">\n\t\t\t\t\t\t\t\t\t\t\t<\/div>\n\t\t\t\t\t\t\t\t<div class=\"elementor-field-type-text elementor-field-group elementor-column elementor-field-group-field_b5c6f99 elementor-col-100\">\n\t\t\t\t\t\t\t\t\t\t\t\t<label for=\"form-field-field_b5c6f99\" class=\"elementor-field-label\">\n\t\t\t\t\t\t\t\tEnterprise\t\t\t\t\t\t\t<\/label>\n\t\t\t\t\t\t\t\t\t\t\t\t\t\t<input size=\"1\" type=\"text\" name=\"form_fields[field_b5c6f99]\" id=\"form-field-field_b5c6f99\" class=\"elementor-field elementor-size-sm  elementor-field-textual\" placeholder=\"Nom de l&#039;entreprise\">\n\t\t\t\t\t\t\t\t\t\t\t<\/div>\n\t\t\t\t\t\t\t\t<div class=\"elementor-field-type-email elementor-field-group elementor-column elementor-field-group-email elementor-col-100 elementor-field-required\">\n\t\t\t\t\t\t\t\t\t\t\t\t<label for=\"form-field-email\" class=\"elementor-field-label\">\n\t\t\t\t\t\t\t\tE-mail\t\t\t\t\t\t\t<\/label>\n\t\t\t\t\t\t\t\t\t\t\t\t\t\t<input size=\"1\" type=\"email\" name=\"form_fields[email]\" id=\"form-field-email\" class=\"elementor-field elementor-size-sm  elementor-field-textual\" placeholder=\"E-mail\" required=\"required\">\n\t\t\t\t\t\t\t\t\t\t\t<\/div>\n\t\t\t\t\t\t\t\t<div class=\"elementor-field-type-tel elementor-field-group elementor-column elementor-field-group-field_58ef4d5 elementor-col-100\">\n\t\t\t\t\t\t\t\t\t\t\t\t<label for=\"form-field-field_58ef4d5\" class=\"elementor-field-label\">\n\t\t\t\t\t\t\t\tT\u00e9l\u00e9phone\t\t\t\t\t\t\t<\/label>\n\t\t\t\t\t\t\t\t<input size=\"1\" type=\"tel\" name=\"form_fields[field_58ef4d5]\" id=\"form-field-field_58ef4d5\" class=\"elementor-field elementor-size-sm  elementor-field-textual\" placeholder=\"T\u00e9l\u00e9phone\" pattern=\"[0-9()#&amp;+*-=.]+\" title=\"Seuls les caract\u00e8res de num\u00e9ros de t\u00e9l\u00e9phone (#, -, *, etc.) sont accept\u00e9s.\">\n\n\t\t\t\t\t\t<\/div>\n\t\t\t\t\t\t\t\t<div class=\"elementor-field-type-upload elementor-field-group elementor-column elementor-field-group-field_39ccca5 elementor-col-100\">\n\t\t\t\t\t\t\t\t\t\t\t\t<label for=\"form-field-field_39ccca5\" class=\"elementor-field-label\">\n\t\t\t\t\t\t\t\tAjouter un fichier\t\t\t\t\t\t\t<\/label>\n\t\t\t\t\t\t\t\t<input type=\"file\" name=\"form_fields[field_39ccca5]\" id=\"form-field-field_39ccca5\" class=\"elementor-field elementor-size-sm  elementor-upload-field\">\n\n\t\t\t\t\t\t<\/div>\n\t\t\t\t\t\t\t\t<div class=\"elementor-field-type-textarea elementor-field-group elementor-column elementor-field-group-field_23f2320 elementor-col-100\">\n\t\t\t\t\t\t\t\t\t\t\t\t<label for=\"form-field-field_23f2320\" class=\"elementor-field-label\">\n\t\t\t\t\t\t\t\tFaites-nous part de votre id\u00e9e\t\t\t\t\t\t\t<\/label>\n\t\t\t\t\t\t<textarea class=\"elementor-field-textual elementor-field  elementor-size-sm\" name=\"form_fields[field_23f2320]\" id=\"form-field-field_23f2320\" rows=\"8\" placeholder=\"Comment pouvons-nous vous aider ?\"><\/textarea>\t\t\t\t<\/div>\n\t\t\t\t\t\t\t\t<div class=\"elementor-field-type-acceptance elementor-field-group elementor-column elementor-field-group-field_de53fd7 elementor-col-100\">\n\t\t\t\t\t\t\t<div class=\"elementor-field-subgroup\">\n\t\t\t<span class=\"elementor-field-option\">\n\t\t\t\t<input type=\"checkbox\" name=\"form_fields[field_de53fd7]\" id=\"form-field-field_de53fd7\" class=\"elementor-field elementor-size-sm  elementor-acceptance-field\">\n\t\t\t\t<label for=\"form-field-field_de53fd7\">J'ai lu et j'accepte la <a href=\"#\" target=\"_blank\">politique de confidentialit\u00e9<\/a><\/label>\t\t\t<\/span>\n\t\t<\/div>\n\t\t\t\t\t\t<\/div>\n\t\t\t\t\t\t\t\t<div class=\"elementor-field-type-recaptcha_v3 elementor-field-group elementor-column elementor-field-group-field_90a67f1 elementor-col-100 recaptcha_v3-bottomright\">\n\t\t\t\t\t<div class=\"elementor-field\" id=\"form-field-field_90a67f1\"><div class=\"elementor-g-recaptcha\" data-sitekey=\"6Ld0GhIsAAAAACfQW-KrkdVzgb-YVXYPHezLlRH5\" data-type=\"v3\" data-action=\"Form\" data-badge=\"bottomright\" data-size=\"invisible\"><\/div><\/div>\t\t\t\t<\/div>\n\t\t\t\t\t\t\t\t<div class=\"elementor-field-group elementor-column elementor-field-type-submit elementor-col-100 e-form__buttons\">\n\t\t\t\t\t<button class=\"elementor-button elementor-size-sm\" type=\"submit\">\n\t\t\t\t\t\t<span class=\"elementor-button-content-wrapper\">\n\t\t\t\t\t\t\t\t\t\t\t\t\t\t\t\t\t\t\t\t\t\t<span class=\"elementor-button-text\">Envoyer une demande<\/span>\n\t\t\t\t\t\t\t\t\t\t\t\t\t<\/span>\n\t\t\t\t\t<\/button>\n\t\t\t\t<\/div>\n\t\t\t<\/div>\n\t\t<\/form>\n\t\t\t\t\t\t<\/div>\n\t\t\t\t<\/div>\n\t\t\t\t<\/div>\n\t\t\t\t\t<\/div>\n\t\t\t\t<\/div>\n\t\t\t\t<\/div>\n\t\t","protected":false},"excerpt":{"rendered":"<p>Contact Comment pouvons-nous vous aider ? JM Cableados fabrique des c\u00e2bles et faisceaux sur mesure depuis 1987 : coupe pr\u00e9cise, sertissage avec plus de 200 types de terminaux, soudure et assemblage selon vos plans. Nous travaillons avec des secteurs vari\u00e9s \u2014 \u00e9lectrom\u00e9decine, industrie, loisir et divertissement \u2014 et nous nous adaptons aux exigences techniques de [&hellip;]<\/p>\n","protected":false},"author":1,"featured_media":0,"parent":0,"menu_order":0,"comment_status":"closed","ping_status":"closed","template":"","meta":{"_acf_changed":false,"footnotes":""},"class_list":["post-1947","page","type-page","status-publish","hentry"],"acf":[],"yoast_head":"<!-- This site is optimized with the Yoast SEO plugin v27.3 - https:\/\/yoast.com\/product\/yoast-seo-wordpress\/ -->\n<title>Devis C\u00e2blage sur Mesure en 24h | Contact \u2013 JM Cableados<\/title>\n<meta name=\"description\" content=\"Solicita presupuesto de cableado a medida en JM Cableados:fabricante desde 1987. Crimpado, arneses y verificaci\u00f3n100%. Respuesta en 24h.\" \/>\n<meta name=\"robots\" content=\"index, follow, max-snippet:-1, max-image-preview:large, max-video-preview:-1\" \/>\n<link rel=\"canonical\" href=\"https:\/\/www.jmcableados.com\/fr\/contact\/\" \/>\n<meta property=\"og:locale\" content=\"fr_FR\" \/>\n<meta property=\"og:type\" content=\"article\" \/>\n<meta property=\"og:title\" content=\"Devis C\u00e2blage sur Mesure en 24h | Contact \u2013 JM Cableados\" \/>\n<meta property=\"og:description\" content=\"Solicita presupuesto de cableado a medida en JM Cableados:fabricante desde 1987. Crimpado, arneses y verificaci\u00f3n100%. Respuesta en 24h.\" \/>\n<meta property=\"og:url\" content=\"https:\/\/www.jmcableados.com\/fr\/contact\/\" \/>\n<meta property=\"og:site_name\" content=\"JM CABLEADOS\" \/>\n<meta property=\"article:modified_time\" content=\"2026-04-13T10:51:43+00:00\" \/>\n<meta property=\"og:image\" content=\"https:\/\/www.jmcableados.com\/wp-content\/uploads\/2025\/11\/en-que-podemos-ayudarte-scaled.webp\" \/>\n\t<meta property=\"og:image:width\" content=\"2560\" \/>\n\t<meta property=\"og:image:height\" content=\"1624\" \/>\n\t<meta property=\"og:image:type\" content=\"image\/webp\" \/>\n<meta name=\"twitter:card\" content=\"summary_large_image\" \/>\n<meta name=\"twitter:label1\" content=\"Dur\u00e9e de lecture estim\u00e9e\" \/>\n\t<meta name=\"twitter:data1\" content=\"1 minute\" \/>\n<script type=\"application\/ld+json\" class=\"yoast-schema-graph\">{\"@context\":\"https:\\\/\\\/schema.org\",\"@graph\":[{\"@type\":\"WebPage\",\"@id\":\"https:\\\/\\\/www.jmcableados.com\\\/fr\\\/contact\\\/\",\"url\":\"https:\\\/\\\/www.jmcableados.com\\\/fr\\\/contact\\\/\",\"name\":\"Devis C\u00e2blage sur Mesure en 24h | Contact \u2013 JM Cableados\",\"isPartOf\":{\"@id\":\"https:\\\/\\\/www.jmcableados.com\\\/#website\"},\"primaryImageOfPage\":{\"@id\":\"https:\\\/\\\/www.jmcableados.com\\\/fr\\\/contact\\\/#primaryimage\"},\"image\":{\"@id\":\"https:\\\/\\\/www.jmcableados.com\\\/fr\\\/contact\\\/#primaryimage\"},\"thumbnailUrl\":\"https:\\\/\\\/www.jmcableados.com\\\/wp-content\\\/uploads\\\/2025\\\/11\\\/en-que-podemos-ayudarte-scaled.webp\",\"datePublished\":\"2025-08-08T08:41:50+00:00\",\"dateModified\":\"2026-04-13T10:51:43+00:00\",\"description\":\"Solicita presupuesto de cableado a medida en JM Cableados:fabricante desde 1987. Crimpado, arneses y verificaci\u00f3n100%. Respuesta en 24h.\",\"breadcrumb\":{\"@id\":\"https:\\\/\\\/www.jmcableados.com\\\/fr\\\/contact\\\/#breadcrumb\"},\"inLanguage\":\"fr-FR\",\"potentialAction\":[{\"@type\":\"ReadAction\",\"target\":[\"https:\\\/\\\/www.jmcableados.com\\\/fr\\\/contact\\\/\"]}]},{\"@type\":\"ImageObject\",\"inLanguage\":\"fr-FR\",\"@id\":\"https:\\\/\\\/www.jmcableados.com\\\/fr\\\/contact\\\/#primaryimage\",\"url\":\"https:\\\/\\\/www.jmcableados.com\\\/wp-content\\\/uploads\\\/2025\\\/11\\\/en-que-podemos-ayudarte-scaled.webp\",\"contentUrl\":\"https:\\\/\\\/www.jmcableados.com\\\/wp-content\\\/uploads\\\/2025\\\/11\\\/en-que-podemos-ayudarte-scaled.webp\"},{\"@type\":\"BreadcrumbList\",\"@id\":\"https:\\\/\\\/www.jmcableados.com\\\/fr\\\/contact\\\/#breadcrumb\",\"itemListElement\":[{\"@type\":\"ListItem\",\"position\":1,\"name\":\"Portada\",\"item\":\"https:\\\/\\\/www.jmcableados.com\\\/fr\\\/\"},{\"@type\":\"ListItem\",\"position\":2,\"name\":\"Contact\"}]},{\"@type\":\"WebSite\",\"@id\":\"https:\\\/\\\/www.jmcableados.com\\\/#website\",\"url\":\"https:\\\/\\\/www.jmcableados.com\\\/\",\"name\":\"JM Cableados\",\"description\":\"Fabricaci\u00f3n de cableados a medida, prototipos y soluciones t\u00e9cnicas para diferentes sectores. M\u00e1s de 35 a\u00f1os ofreciendo cableado fiable y personalizado.\",\"publisher\":{\"@id\":\"https:\\\/\\\/www.jmcableados.com\\\/#organization\"},\"potentialAction\":[{\"@type\":\"SearchAction\",\"target\":{\"@type\":\"EntryPoint\",\"urlTemplate\":\"https:\\\/\\\/www.jmcableados.com\\\/?s={search_term_string}\"},\"query-input\":{\"@type\":\"PropertyValueSpecification\",\"valueRequired\":true,\"valueName\":\"search_term_string\"}}],\"inLanguage\":\"fr-FR\"},{\"@type\":\"Organization\",\"@id\":\"https:\\\/\\\/www.jmcableados.com\\\/#organization\",\"name\":\"JM Cableados\",\"url\":\"https:\\\/\\\/www.jmcableados.com\\\/\",\"logo\":{\"@type\":\"ImageObject\",\"inLanguage\":\"fr-FR\",\"@id\":\"https:\\\/\\\/www.jmcableados.com\\\/#\\\/schema\\\/logo\\\/image\\\/\",\"url\":\"https:\\\/\\\/www.jmcableados.com\\\/wp-content\\\/uploads\\\/2025\\\/08\\\/logo.png\",\"contentUrl\":\"https:\\\/\\\/www.jmcableados.com\\\/wp-content\\\/uploads\\\/2025\\\/08\\\/logo.png\",\"width\":400,\"height\":140,\"caption\":\"JM Cableados\"},\"image\":{\"@id\":\"https:\\\/\\\/www.jmcableados.com\\\/#\\\/schema\\\/logo\\\/image\\\/\"}}]}<\/script>\n<!-- \/ Yoast SEO plugin. -->","yoast_head_json":{"title":"Devis C\u00e2blage sur Mesure en 24h | Contact \u2013 JM Cableados","description":"Solicita presupuesto de cableado a medida en JM Cableados:fabricante desde 1987. Crimpado, arneses y verificaci\u00f3n100%. Respuesta en 24h.","robots":{"index":"index","follow":"follow","max-snippet":"max-snippet:-1","max-image-preview":"max-image-preview:large","max-video-preview":"max-video-preview:-1"},"canonical":"https:\/\/www.jmcableados.com\/fr\/contact\/","og_locale":"fr_FR","og_type":"article","og_title":"Devis C\u00e2blage sur Mesure en 24h | Contact \u2013 JM Cableados","og_description":"Solicita presupuesto de cableado a medida en JM Cableados:fabricante desde 1987. Crimpado, arneses y verificaci\u00f3n100%. Respuesta en 24h.","og_url":"https:\/\/www.jmcableados.com\/fr\/contact\/","og_site_name":"JM CABLEADOS","article_modified_time":"2026-04-13T10:51:43+00:00","og_image":[{"width":2560,"height":1624,"url":"https:\/\/www.jmcableados.com\/wp-content\/uploads\/2025\/11\/en-que-podemos-ayudarte-scaled.webp","type":"image\/webp"}],"twitter_card":"summary_large_image","twitter_misc":{"Dur\u00e9e de lecture estim\u00e9e":"1 minute"},"schema":{"@context":"https:\/\/schema.org","@graph":[{"@type":"WebPage","@id":"https:\/\/www.jmcableados.com\/fr\/contact\/","url":"https:\/\/www.jmcableados.com\/fr\/contact\/","name":"Devis C\u00e2blage sur Mesure en 24h | Contact \u2013 JM Cableados","isPartOf":{"@id":"https:\/\/www.jmcableados.com\/#website"},"primaryImageOfPage":{"@id":"https:\/\/www.jmcableados.com\/fr\/contact\/#primaryimage"},"image":{"@id":"https:\/\/www.jmcableados.com\/fr\/contact\/#primaryimage"},"thumbnailUrl":"https:\/\/www.jmcableados.com\/wp-content\/uploads\/2025\/11\/en-que-podemos-ayudarte-scaled.webp","datePublished":"2025-08-08T08:41:50+00:00","dateModified":"2026-04-13T10:51:43+00:00","description":"Solicita presupuesto de cableado a medida en JM Cableados:fabricante desde 1987. Crimpado, arneses y verificaci\u00f3n100%. Respuesta en 24h.","breadcrumb":{"@id":"https:\/\/www.jmcableados.com\/fr\/contact\/#breadcrumb"},"inLanguage":"fr-FR","potentialAction":[{"@type":"ReadAction","target":["https:\/\/www.jmcableados.com\/fr\/contact\/"]}]},{"@type":"ImageObject","inLanguage":"fr-FR","@id":"https:\/\/www.jmcableados.com\/fr\/contact\/#primaryimage","url":"https:\/\/www.jmcableados.com\/wp-content\/uploads\/2025\/11\/en-que-podemos-ayudarte-scaled.webp","contentUrl":"https:\/\/www.jmcableados.com\/wp-content\/uploads\/2025\/11\/en-que-podemos-ayudarte-scaled.webp"},{"@type":"BreadcrumbList","@id":"https:\/\/www.jmcableados.com\/fr\/contact\/#breadcrumb","itemListElement":[{"@type":"ListItem","position":1,"name":"Portada","item":"https:\/\/www.jmcableados.com\/fr\/"},{"@type":"ListItem","position":2,"name":"Contact"}]},{"@type":"WebSite","@id":"https:\/\/www.jmcableados.com\/#website","url":"https:\/\/www.jmcableados.com\/","name":"JM Cableados","description":"Fabricaci\u00f3n de cableados a medida, prototipos y soluciones t\u00e9cnicas para diferentes sectores. M\u00e1s de 35 a\u00f1os ofreciendo cableado fiable y personalizado.","publisher":{"@id":"https:\/\/www.jmcableados.com\/#organization"},"potentialAction":[{"@type":"SearchAction","target":{"@type":"EntryPoint","urlTemplate":"https:\/\/www.jmcableados.com\/?s={search_term_string}"},"query-input":{"@type":"PropertyValueSpecification","valueRequired":true,"valueName":"search_term_string"}}],"inLanguage":"fr-FR"},{"@type":"Organization","@id":"https:\/\/www.jmcableados.com\/#organization","name":"JM Cableados","url":"https:\/\/www.jmcableados.com\/","logo":{"@type":"ImageObject","inLanguage":"fr-FR","@id":"https:\/\/www.jmcableados.com\/#\/schema\/logo\/image\/","url":"https:\/\/www.jmcableados.com\/wp-content\/uploads\/2025\/08\/logo.png","contentUrl":"https:\/\/www.jmcableados.com\/wp-content\/uploads\/2025\/08\/logo.png","width":400,"height":140,"caption":"JM Cableados"},"image":{"@id":"https:\/\/www.jmcableados.com\/#\/schema\/logo\/image\/"}}]}},"_links":{"self":[{"href":"https:\/\/www.jmcableados.com\/fr\/wp-json\/wp\/v2\/pages\/1947","targetHints":{"allow":["GET"]}}],"collection":[{"href":"https:\/\/www.jmcableados.com\/fr\/wp-json\/wp\/v2\/pages"}],"about":[{"href":"https:\/\/www.jmcableados.com\/fr\/wp-json\/wp\/v2\/types\/page"}],"author":[{"embeddable":true,"href":"https:\/\/www.jmcableados.com\/fr\/wp-json\/wp\/v2\/users\/1"}],"replies":[{"embeddable":true,"href":"https:\/\/www.jmcableados.com\/fr\/wp-json\/wp\/v2\/comments?post=1947"}],"version-history":[{"count":18,"href":"https:\/\/www.jmcableados.com\/fr\/wp-json\/wp\/v2\/pages\/1947\/revisions"}],"predecessor-version":[{"id":3086,"href":"https:\/\/www.jmcableados.com\/fr\/wp-json\/wp\/v2\/pages\/1947\/revisions\/3086"}],"wp:attachment":[{"href":"https:\/\/www.jmcableados.com\/fr\/wp-json\/wp\/v2\/media?parent=1947"}],"curies":[{"name":"wp","href":"https:\/\/api.w.org\/{rel}","templated":true}]}}